{"id":44406,"date":"2024-12-01T14:38:39","date_gmt":"2024-12-01T14:38:39","guid":{"rendered":"https:\/\/snn.redvectordev.com\/snn\/?page_id=44406"},"modified":"2024-12-03T16:28:57","modified_gmt":"2024-12-03T16:28:57","slug":"anunturi-achizitii-snn","status":"publish","type":"page","link":"https:\/\/snn.redvectordev.com\/snn\/despre-noi\/procurare\/anunturi-achizitii-snn\/","title":{"rendered":"Anunturi achizitii snn"},"content":{"rendered":"\t\t<div data-elementor-type=\"wp-page\" data-elementor-id=\"44406\" class=\"elementor elementor-44406\">\n\t\t\t\t\t\t<section class=\"elementor-section elementor-top-section elementor-element elementor-element-959ebfc elementor-section-full_width elementor-section-height-default elementor-section-height-default\" data-id=\"959ebfc\" data-element_type=\"section\">\n\t\t\t\t\t\t<div class=\"elementor-container elementor-column-gap-default\">\n\t\t\t\t\t<div class=\"elementor-column elementor-col-100 elementor-top-column elementor-element elementor-element-504d138 top column-style-top\" data-id=\"504d138\" data-element_type=\"column\">\n\t\t\t<div class=\"elementor-widget-wrap elementor-element-populated\">\n\t\t\t\t\t\t<div class=\"elementor-element elementor-element-c208e00 elementor-widget elementor-widget-image\" data-id=\"c208e00\" data-element_type=\"widget\" data-widget_type=\"image.default\">\n\t\t\t\t<div class=\"elementor-widget-container\">\n\t\t\t\t\t\t\t\t\t\t\t\t\t<img fetchpriority=\"high\" decoding=\"async\" width=\"1920\" height=\"283\" src=\"https:\/\/snn.redvectordev.com\/snn\/wp-content\/uploads\/sites\/2\/2024\/12\/SNN_DESPRE-NOI_PROCURARE_banner_01_20241128.jpg\" class=\"attachment-full size-full wp-image-44408\" alt=\"\" srcset=\"https:\/\/snn.redvectordev.com\/snn\/wp-content\/uploads\/sites\/2\/2024\/12\/SNN_DESPRE-NOI_PROCURARE_banner_01_20241128.jpg 1920w, https:\/\/snn.redvectordev.com\/snn\/wp-content\/uploads\/sites\/2\/2024\/12\/SNN_DESPRE-NOI_PROCURARE_banner_01_20241128-1024x151.jpg 1024w, https:\/\/snn.redvectordev.com\/snn\/wp-content\/uploads\/sites\/2\/2024\/12\/SNN_DESPRE-NOI_PROCURARE_banner_01_20241128-768x113.jpg 768w\" sizes=\"(max-width: 1920px) 100vw, 1920px\" \/>\t\t\t\t\t\t\t\t\t\t\t\t\t<\/div>\n\t\t\t\t<\/div>\n\t\t\t\t<section class=\"elementor-section elementor-inner-section elementor-element elementor-element-414f9fa relative elementor-section-boxed elementor-section-height-default elementor-section-height-default\" data-id=\"414f9fa\" data-element_type=\"section\">\n\t\t\t\t\t\t<div class=\"elementor-container elementor-column-gap-default\">\n\t\t\t\t\t<div class=\"elementor-column elementor-col-100 elementor-inner-column elementor-element elementor-element-faae80f elementor-container top column-style-top\" data-id=\"faae80f\" data-element_type=\"column\">\n\t\t\t<div class=\"elementor-widget-wrap elementor-element-populated\">\n\t\t\t\t\t\t<div class=\"elementor-element elementor-element-6839efa elementor-widget__width-initial elementor-widget elementor-widget-heading\" data-id=\"6839efa\" data-element_type=\"widget\" data-widget_type=\"heading.default\">\n\t\t\t\t<div class=\"elementor-widget-container\">\n\t\t\t<h1 class=\"elementor-heading-title elementor-size-default\">Anun\u021buri achizi\u021bii SNN<\/h1>\t\t<\/div>\n\t\t\t\t<\/div>\n\t\t\t\t\t<\/div>\n\t\t<\/div>\n\t\t\t\t\t<\/div>\n\t\t<\/section>\n\t\t\t\t\t<\/div>\n\t\t<\/div>\n\t\t\t\t\t<\/div>\n\t\t<\/section>\n\t\t\t\t<section class=\"elementor-section elementor-top-section elementor-element elementor-element-094b5df elementor-section-boxed elementor-section-height-default elementor-section-height-default\" data-id=\"094b5df\" data-element_type=\"section\">\n\t\t\t\t\t\t<div class=\"elementor-container elementor-column-gap-default\">\n\t\t\t\t\t<div class=\"elementor-column elementor-col-33 elementor-top-column elementor-element elementor-element-06071d5 top column-style-top\" data-id=\"06071d5\" data-element_type=\"column\">\n\t\t\t<div class=\"elementor-widget-wrap elementor-element-populated\">\n\t\t\t\t\t\t<div class=\"elementor-element elementor-element-33fcadb elementor-widget elementor-widget-text-editor\" data-id=\"33fcadb\" data-element_type=\"widget\" data-widget_type=\"text-editor.default\">\n\t\t\t\t<div class=\"elementor-widget-container\">\n\t\t\t\t\t\t\t<p><strong>Pachete de tip cadou pentru Craciun<\/strong><br \/>Valoare estimat\u0103: 30.000,00 lei, f\u00e3r\u00e3 TVA;<br \/>Dat\u0103 limit\u0103 depunere oferte: 27.11.2024, ora 12:00<br \/>Link SEAP: <a href=\"https:\/\/snn.redvectordev.com\/snn\/2024\/11\/25\/pachete-de-tip-cadou-pentru-1-8-martie-3\/\">Click<\/a><br \/>Nr. Anun\u021b \/ Data: n\/a<\/p><p>Specificatii tehnice :<br \/><a href=\"https:\/\/www.nuclearelectrica.ro\/wp-content\/uploads\/2024\/11\/Caiet-de-sarcini-Cadouri-Craciun-2024.pdf\">Caietul de Sarcini nr.13662 \/ 14.11.2024<\/a><\/p><p>Formulare<br \/><a href=\"https:\/\/www.nuclearelectrica.ro\/wp-content\/uploads\/2024\/11\/Anunt-publicitar.doc\">Anunt publicitar<\/a><br \/><a href=\"https:\/\/www.nuclearelectrica.ro\/wp-content\/uploads\/2024\/11\/M-O-D-E-L-Comanda-CR-41710.docx\">Formular comanda<\/a><br \/><a href=\"https:\/\/www.nuclearelectrica.ro\/wp-content\/uploads\/2024\/11\/Formular-de-oferta.docx\">Formular de oferta<\/a><\/p>\t\t\t\t\t\t<\/div>\n\t\t\t\t<\/div>\n\t\t\t\t\t<\/div>\n\t\t<\/div>\n\t\t\t\t<div class=\"elementor-column elementor-col-33 elementor-top-column elementor-element elementor-element-3423de2 top column-style-top\" data-id=\"3423de2\" data-element_type=\"column\">\n\t\t\t<div class=\"elementor-widget-wrap elementor-element-populated\">\n\t\t\t\t\t\t<div class=\"elementor-element elementor-element-76dc011 elementor-widget elementor-widget-text-editor\" data-id=\"76dc011\" data-element_type=\"widget\" data-widget_type=\"text-editor.default\">\n\t\t\t\t<div class=\"elementor-widget-container\">\n\t\t\t\t\t\t\t<p><strong>Servicii Studiu fezabilitate realizare centrala electrica cu grupuri motogenerator pe gaz<\/strong><br \/>Valoare estimat\u0103: 135.000 lei f\u0103r\u0103 TVA.<br \/>Dat\u0103 limit\u0103 depunere oferte: 25.11.2024, ora 12.00<br \/>Link SEAP: <a href=\"https:\/\/snn.redvectordev.com\/snn\/2024\/11\/07\/anunt-servicii-studiu-fezabilitate-realizare-centrala-electrica-cu-grupuri-motogenerator-pe-gaz\/\">Click<\/a><br \/>Nr. Anun\u021b \/ Data: n\/a<\/p><p>Specificatii tehnice :<br \/><a href=\"https:\/\/www.nuclearelectrica.ro\/wp-content\/uploads\/2024\/11\/Caiet-Sarcini.pdf\">Caietul de Sarcini nr.13662 \/ 14.11.2024<\/a><\/p><p>Formulare :<br \/><a href=\"https:\/\/www.nuclearelectrica.ro\/wp-content\/uploads\/2024\/11\/FORMULARE-.docx\">Formulare<\/a><br \/><a href=\"https:\/\/www.nuclearelectrica.ro\/wp-content\/uploads\/2024\/11\/Proiect-Contract.pdf\">Proiectul de contract<\/a><\/p>\t\t\t\t\t\t<\/div>\n\t\t\t\t<\/div>\n\t\t\t\t\t<\/div>\n\t\t<\/div>\n\t\t\t\t<div class=\"elementor-column elementor-col-33 elementor-top-column elementor-element elementor-element-9e40f0d top column-style-top\" data-id=\"9e40f0d\" data-element_type=\"column\">\n\t\t\t<div class=\"elementor-widget-wrap elementor-element-populated\">\n\t\t\t\t\t\t<div class=\"elementor-element elementor-element-7b93c6c elementor-widget elementor-widget-text-editor\" data-id=\"7b93c6c\" data-element_type=\"widget\" data-widget_type=\"text-editor.default\">\n\t\t\t\t<div class=\"elementor-widget-container\">\n\t\t\t\t\t\t\t<p><strong>ANUNT ORGANIZARE LICITATIE PUBLICA CU STRIGARE <br \/><\/strong> pentru<br \/>2 AUTOBUZE INTERURBAN SEMIPORTANTA 2 USI, GRIVBUZ, AN 2004;<br \/>2 AUTOUTILITARE FURGON, FORD TRANZIT CONNECT, AN 2013;<br \/>1 AUTOUTILITARA FURGON VOLKSWAGEN, CAB INTEGR 3+1 USI, AN 2003;<br \/>1 AUTOUTILITARA MIXTA PEUGEOT BOXER 2.2 HDT, AN 2003<br \/>1 CAMION CAB AV 2 USI, AN 2002<br \/>Valoare estimat\u0103: conform anunt<br \/>Dat\u0103 limit\u0103 depunere oferte: 15.11.2024 orele 12.00<br \/>Link SEAP: <a href=\"https:\/\/snn.redvectordev.com\/snn\/2024\/11\/01\/anunt-organizare-licitatie-publica-cu-strigar\/\">Click<\/a><br \/>Nr. Anun\u021b \/ Data: n\/a<\/p><p>Specificatii tehnice :<br \/>n\/a<\/p><p>Formulare<br \/>n\/a<\/p>\t\t\t\t\t\t<\/div>\n\t\t\t\t<\/div>\n\t\t\t\t\t<\/div>\n\t\t<\/div>\n\t\t\t\t\t<\/div>\n\t\t<\/section>\n\t\t\t\t<\/div>\n\t\t","protected":false},"excerpt":{"rendered":"<p>Anun\u021buri achizi\u021bii SNN Pachete de tip cadou pentru CraciunValoare estimat\u0103: 30.000,00 lei, f\u00e3r\u00e3 TVA;Dat\u0103 limit\u0103 depunere oferte: 27.11.2024, ora 12:00Link SEAP: ClickNr. Anun\u021b \/ Data: n\/a Specificatii tehnice :Caietul de Sarcini nr.13662 \/ 14.11.2024 FormulareAnunt publicitarFormular comandaFormular de oferta Servicii Studiu fezabilitate realizare centrala electrica cu grupuri motogenerator pe gazValoare estimat\u0103: 135.000 lei f\u0103r\u0103 TVA.Dat\u0103 [&hellip;]<\/p>\n","protected":false},"author":2,"featured_media":0,"parent":44379,"menu_order":0,"comment_status":"closed","ping_status":"closed","template":"","meta":{"footnotes":""},"class_list":["post-44406","page","type-page","status-publish","hentry"],"_links":{"self":[{"href":"https:\/\/snn.redvectordev.com\/snn\/wp-json\/wp\/v2\/pages\/44406"}],"collection":[{"href":"https:\/\/snn.redvectordev.com\/snn\/wp-json\/wp\/v2\/pages"}],"about":[{"href":"https:\/\/snn.redvectordev.com\/snn\/wp-json\/wp\/v2\/types\/page"}],"author":[{"embeddable":true,"href":"https:\/\/snn.redvectordev.com\/snn\/wp-json\/wp\/v2\/users\/2"}],"replies":[{"embeddable":true,"href":"https:\/\/snn.redvectordev.com\/snn\/wp-json\/wp\/v2\/comments?post=44406"}],"version-history":[{"count":24,"href":"https:\/\/snn.redvectordev.com\/snn\/wp-json\/wp\/v2\/pages\/44406\/revisions"}],"predecessor-version":[{"id":44597,"href":"https:\/\/snn.redvectordev.com\/snn\/wp-json\/wp\/v2\/pages\/44406\/revisions\/44597"}],"up":[{"embeddable":true,"href":"https:\/\/snn.redvectordev.com\/snn\/wp-json\/wp\/v2\/pages\/44379"}],"wp:attachment":[{"href":"https:\/\/snn.redvectordev.com\/snn\/wp-json\/wp\/v2\/media?parent=44406"}],"curies":[{"name":"wp","href":"https:\/\/api.w.org\/{rel}","templated":true}]}}