{"id":40756,"date":"2024-10-08T14:17:24","date_gmt":"2024-10-08T14:17:24","guid":{"rendered":"https:\/\/snn.redvectordev.com\/snn\/?page_id=40756"},"modified":"2024-11-13T16:52:27","modified_gmt":"2024-11-13T16:52:27","slug":"proiect-ctrf","status":"publish","type":"page","link":"https:\/\/snn.redvectordev.com\/snn\/proiecte-de-investitii\/proiect-ctrf\/","title":{"rendered":"Proiect CTRF"},"content":{"rendered":"\t\t<div data-elementor-type=\"wp-page\" data-elementor-id=\"40756\" class=\"elementor elementor-40756\">\n\t\t\t\t\t\t<section class=\"elementor-section elementor-top-section elementor-element elementor-element-78e97fd elementor-section-full_width elementor-section-height-default elementor-section-height-default\" data-id=\"78e97fd\" data-element_type=\"section\">\n\t\t\t\t\t\t<div class=\"elementor-container elementor-column-gap-default\">\n\t\t\t\t\t<div class=\"elementor-column elementor-col-100 elementor-top-column elementor-element elementor-element-49f0e2b top column-style-top\" data-id=\"49f0e2b\" data-element_type=\"column\">\n\t\t\t<div class=\"elementor-widget-wrap elementor-element-populated\">\n\t\t\t\t\t\t<div class=\"elementor-element elementor-element-faccd19 elementor-widget elementor-widget-image\" data-id=\"faccd19\" data-element_type=\"widget\" data-widget_type=\"image.default\">\n\t\t\t\t<div class=\"elementor-widget-container\">\n\t\t\t\t\t\t\t\t\t\t\t\t\t<img fetchpriority=\"high\" decoding=\"async\" width=\"1920\" height=\"283\" src=\"https:\/\/snn.redvectordev.com\/snn\/wp-content\/uploads\/sites\/2\/2024\/11\/SNN_ptSITE_pagini-SNN_PROIECTE_benzi_CTRF_20241031.jpg\" class=\"attachment-full size-full wp-image-41396\" alt=\"\" srcset=\"https:\/\/snn.redvectordev.com\/snn\/wp-content\/uploads\/sites\/2\/2024\/11\/SNN_ptSITE_pagini-SNN_PROIECTE_benzi_CTRF_20241031.jpg 1920w, https:\/\/snn.redvectordev.com\/snn\/wp-content\/uploads\/sites\/2\/2024\/11\/SNN_ptSITE_pagini-SNN_PROIECTE_benzi_CTRF_20241031-1024x151.jpg 1024w, https:\/\/snn.redvectordev.com\/snn\/wp-content\/uploads\/sites\/2\/2024\/11\/SNN_ptSITE_pagini-SNN_PROIECTE_benzi_CTRF_20241031-768x113.jpg 768w, https:\/\/snn.redvectordev.com\/snn\/wp-content\/uploads\/sites\/2\/2024\/11\/SNN_ptSITE_pagini-SNN_PROIECTE_benzi_CTRF_20241031-600x88.jpg 600w\" sizes=\"(max-width: 1920px) 100vw, 1920px\" \/>\t\t\t\t\t\t\t\t\t\t\t\t\t<\/div>\n\t\t\t\t<\/div>\n\t\t\t\t<section class=\"elementor-section elementor-inner-section elementor-element elementor-element-7ba5959 relative elementor-section-boxed elementor-section-height-default elementor-section-height-default\" data-id=\"7ba5959\" data-element_type=\"section\">\n\t\t\t\t\t\t<div class=\"elementor-container elementor-column-gap-default\">\n\t\t\t\t\t<div class=\"elementor-column elementor-col-100 elementor-inner-column elementor-element elementor-element-af2ff65 elementor-container top column-style-top\" data-id=\"af2ff65\" data-element_type=\"column\">\n\t\t\t<div class=\"elementor-widget-wrap elementor-element-populated\">\n\t\t\t\t\t\t<div class=\"elementor-element elementor-element-fd47925 elementor-widget__width-initial elementor-widget elementor-widget-heading\" data-id=\"fd47925\" data-element_type=\"widget\" data-widget_type=\"heading.default\">\n\t\t\t\t<div class=\"elementor-widget-container\">\n\t\t\t<h1 class=\"elementor-heading-title elementor-size-default\">Proiectul CTRF<\/h1>\t\t<\/div>\n\t\t\t\t<\/div>\n\t\t\t\t\t<\/div>\n\t\t<\/div>\n\t\t\t\t\t<\/div>\n\t\t<\/section>\n\t\t\t\t\t<\/div>\n\t\t<\/div>\n\t\t\t\t\t<\/div>\n\t\t<\/section>\n\t\t\t\t<section class=\"elementor-section elementor-top-section elementor-element elementor-element-4a0a097 elementor-section-boxed elementor-section-height-default elementor-section-height-default\" data-id=\"4a0a097\" data-element_type=\"section\">\n\t\t\t\t\t\t<div class=\"elementor-container elementor-column-gap-default\">\n\t\t\t\t\t<div class=\"elementor-column elementor-col-100 elementor-top-column elementor-element elementor-element-b832b6d top column-style-top\" data-id=\"b832b6d\" data-element_type=\"column\">\n\t\t\t<div class=\"elementor-widget-wrap elementor-element-populated\">\n\t\t\t\t\t\t<div class=\"elementor-element elementor-element-f699fd0 elementor-widget elementor-widget-text-editor\" data-id=\"f699fd0\" data-element_type=\"widget\" data-widget_type=\"text-editor.default\">\n\t\t\t\t<div class=\"elementor-widget-container\">\n\t\t\t\t\t\t\t<h3><strong>Proiectul CTRF (Instala\u021bia de Detritiere a Tritiului &#8211; Cernavod<\/strong>\u0103<strong style=\"font-size: 1.5rem;\">&nbsp;Tritium Removal Facility)<\/strong><\/h3>\n<p>Proiectul <strong>CTRF<\/strong> de la CNE Cernavod\u0103 este unul dintre cele mai ambi\u021bioase proiecte ale Nuclearelectrica, av\u00e2nd drept obiectiv reducerea concentra\u021biei de tritiu din sistemele de ap\u0103 grea ale reactoarelor CANDU de la Unit\u0103\u021bile 1 \u0219i 2. Acest proiect este vital pentru reducerea impactului tritiului asupra mediului \u0219i pentru cre\u0219terea eficien\u021bei opera\u021bionale a centralei nucleare.<\/p>\n<h3><strong>Descrierea Proiectului<\/strong><\/h3>\n<p>Instala\u021bia de detritiere (CTRF) va elimina tritiul din apa grea utilizat\u0103 \u00een sistemele de r\u0103cire \u0219i moderare ale reactoarelor. Prin aceasta, va permite reutilizarea apei grele pentru o perioad\u0103 nedeterminat\u0103, f\u0103r\u0103 ca aceasta s\u0103 devin\u0103 de\u0219eu radioactiv. De asemenea, tritiul recuperat va fi stocat \u00een condi\u021bii de siguran\u021b\u0103 \u0219i poate fi utilizat pentru viitoare reactoare de fuziune.<\/p>\n<h3><strong>Etapele de Implementare<\/strong><\/h3>\n<ul>\n<li><strong>2022<\/strong>: A fost semnat contractul de execu\u021bie (EPC) cu Korea Hydro &amp; Nuclear Power (KHNP), compania aleas\u0103 pentru dezvoltarea proiectului datorit\u0103 experien\u021bei sale \u00een domeniul instala\u021biilor similare.<\/li>\n<li><strong>2023<\/strong>: A \u00eenceput ob\u021binerea autoriza\u021biilor necesare \u0219i lucr\u0103rile de construc\u021bie.<\/li>\n<li><strong>2024<\/strong>: Se estimeaz\u0103 finalizarea lucr\u0103rilor de construc\u021bie \u0219i \u00eenceperea perioadei de testare.<\/li>\n<li><strong>2025<\/strong>: Proiectul va intra \u00een perioada de func\u021bionare de prob\u0103.<\/li>\n<li><strong>2026<\/strong>: Se estimeaz\u0103 transferul instala\u021biei c\u0103tre operarea comercial\u0103.<\/li>\n<\/ul>\n<h3><strong>Beneficii \u0219i Impacturi<\/strong><\/h3>\n<ul>\n<li><strong>Eficien\u021b\u0103 ecologic\u0103<\/strong>: CTRF va contribui la reducerea riscului de emisii radioactive de tritiu \u00een mediu \u0219i va \u00eembun\u0103t\u0103\u021bi siguran\u021ba nuclear\u0103, av\u00e2nd un impact pozitiv asupra protec\u021biei mediului.<\/li>\n<li><strong>Reutilizarea apei grele<\/strong>: Instala\u021bia va permite utilizarea apei grele pentru o perioad\u0103 nelimitat\u0103, elimin\u00e2nd necesitatea de a trata apa ca de\u0219eu radioactiv.<\/li>\n<li><strong>Contribu\u021bie la fuziunea nuclear\u0103<\/strong>: Tritiul extras va putea fi utilizat \u00een viitoare reactoare de fuziune, cum ar fi proiectul ITER, transform\u00e2nd Rom\u00e2nia \u00eentr-o poten\u021bial\u0103 surs\u0103 de combustibil pentru fuziune.<\/li>\n<\/ul>\n<h3><strong>Finan\u021bare<\/strong><\/h3>\n<p>Proiectul are un cost estimat de <strong>194 milioane de euro<\/strong>, dintre care <strong>150 milioane de euro<\/strong> provin dintr-un \u00eemprumut acordat de Banca European\u0103 pentru Reconstruc\u021bie \u0219i Dezvoltare (BERD).<\/p>\n<h3><strong>Colaborare interna\u021bional\u0103<\/strong><\/h3>\n<p>Proiectul beneficiaz\u0103 de o cooperare interna\u021bional\u0103 remarcabil\u0103, implic\u00e2nd expertiza rom\u00e2neasc\u0103 prin Institutul Na\u021bional de Cercetare-Dezvoltare pentru Tehnologii Criogenice \u0219i Izotopice din R\u00e2mnicu V\u00e2lcea, al\u0103turi de parteneri din Coreea, SUA, Canada \u0219i Europa.<\/p>\n<p>Instala\u021bia de Detritiere a Tritiului de la Cernavod\u0103 va fi prima de acest tip din Europa, subliniind rolul Rom\u00e2niei de lider \u00een dezvoltarea de solu\u021bii nucleare inovatoare.<\/p>\t\t\t\t\t\t<\/div>\n\t\t\t\t<\/div>\n\t\t\t\t\t<\/div>\n\t\t<\/div>\n\t\t\t\t\t<\/div>\n\t\t<\/section>\n\t\t\t\t<\/div>\n\t\t","protected":false},"excerpt":{"rendered":"<p>Proiectul CTRF Proiectul CTRF (Instala\u021bia de Detritiere a Tritiului &#8211; Cernavod\u0103&nbsp;Tritium Removal Facility) Proiectul CTRF de la CNE Cernavod\u0103 este unul dintre cele mai ambi\u021bioase proiecte ale Nuclearelectrica, av\u00e2nd drept obiectiv reducerea concentra\u021biei de tritiu din sistemele de ap\u0103 grea ale reactoarelor CANDU de la Unit\u0103\u021bile 1 \u0219i 2. Acest proiect este vital pentru reducerea [&hellip;]<\/p>\n","protected":false},"author":2,"featured_media":0,"parent":40806,"menu_order":0,"comment_status":"closed","ping_status":"closed","template":"","meta":{"footnotes":""},"class_list":["post-40756","page","type-page","status-publish","hentry"],"_links":{"self":[{"href":"https:\/\/snn.redvectordev.com\/snn\/wp-json\/wp\/v2\/pages\/40756"}],"collection":[{"href":"https:\/\/snn.redvectordev.com\/snn\/wp-json\/wp\/v2\/pages"}],"about":[{"href":"https:\/\/snn.redvectordev.com\/snn\/wp-json\/wp\/v2\/types\/page"}],"author":[{"embeddable":true,"href":"https:\/\/snn.redvectordev.com\/snn\/wp-json\/wp\/v2\/users\/2"}],"replies":[{"embeddable":true,"href":"https:\/\/snn.redvectordev.com\/snn\/wp-json\/wp\/v2\/comments?post=40756"}],"version-history":[{"count":16,"href":"https:\/\/snn.redvectordev.com\/snn\/wp-json\/wp\/v2\/pages\/40756\/revisions"}],"predecessor-version":[{"id":41399,"href":"https:\/\/snn.redvectordev.com\/snn\/wp-json\/wp\/v2\/pages\/40756\/revisions\/41399"}],"up":[{"embeddable":true,"href":"https:\/\/snn.redvectordev.com\/snn\/wp-json\/wp\/v2\/pages\/40806"}],"wp:attachment":[{"href":"https:\/\/snn.redvectordev.com\/snn\/wp-json\/wp\/v2\/media?parent=40756"}],"curies":[{"name":"wp","href":"https:\/\/api.w.org\/{rel}","templated":true}]}}