{"id":40718,"date":"2024-10-08T11:53:53","date_gmt":"2024-10-08T11:53:53","guid":{"rendered":"https:\/\/snn.redvectordev.com\/snn\/?page_id=40718"},"modified":"2024-11-26T13:54:14","modified_gmt":"2024-11-26T13:54:14","slug":"retehnologizarea-unitatii-1","status":"publish","type":"page","link":"https:\/\/snn.redvectordev.com\/snn\/proiecte-de-investitii\/retehnologizarea-unitatii-1\/","title":{"rendered":"Retehnologizarea Unit\u0103\u021bii 1"},"content":{"rendered":"\t\t<div data-elementor-type=\"wp-page\" data-elementor-id=\"40718\" class=\"elementor elementor-40718\">\n\t\t\t\t\t\t<section class=\"elementor-section elementor-top-section elementor-element elementor-element-7c85c9b elementor-section-full_width elementor-section-height-default elementor-section-height-default\" data-id=\"7c85c9b\" data-element_type=\"section\">\n\t\t\t\t\t\t<div class=\"elementor-container elementor-column-gap-default\">\n\t\t\t\t\t<div class=\"elementor-column elementor-col-100 elementor-top-column elementor-element elementor-element-ee80fe0 top column-style-top\" data-id=\"ee80fe0\" data-element_type=\"column\">\n\t\t\t<div class=\"elementor-widget-wrap elementor-element-populated\">\n\t\t\t\t\t\t<div class=\"elementor-element elementor-element-a15de06 elementor-widget elementor-widget-image\" data-id=\"a15de06\" data-element_type=\"widget\" data-widget_type=\"image.default\">\n\t\t\t\t<div class=\"elementor-widget-container\">\n\t\t\t\t\t\t\t\t\t\t\t\t\t<img fetchpriority=\"high\" decoding=\"async\" width=\"1920\" height=\"283\" src=\"https:\/\/snn.redvectordev.com\/snn\/wp-content\/uploads\/sites\/2\/2024\/11\/SNN_ptSITE_pagini-SNN_PROIECTE_benzi_RTH_20241031.jpg\" class=\"attachment-full size-full wp-image-41425\" alt=\"\" srcset=\"https:\/\/snn.redvectordev.com\/snn\/wp-content\/uploads\/sites\/2\/2024\/11\/SNN_ptSITE_pagini-SNN_PROIECTE_benzi_RTH_20241031.jpg 1920w, https:\/\/snn.redvectordev.com\/snn\/wp-content\/uploads\/sites\/2\/2024\/11\/SNN_ptSITE_pagini-SNN_PROIECTE_benzi_RTH_20241031-1024x151.jpg 1024w, https:\/\/snn.redvectordev.com\/snn\/wp-content\/uploads\/sites\/2\/2024\/11\/SNN_ptSITE_pagini-SNN_PROIECTE_benzi_RTH_20241031-768x113.jpg 768w, https:\/\/snn.redvectordev.com\/snn\/wp-content\/uploads\/sites\/2\/2024\/11\/SNN_ptSITE_pagini-SNN_PROIECTE_benzi_RTH_20241031-600x88.jpg 600w\" sizes=\"(max-width: 1920px) 100vw, 1920px\" \/>\t\t\t\t\t\t\t\t\t\t\t\t\t<\/div>\n\t\t\t\t<\/div>\n\t\t\t\t<section class=\"elementor-section elementor-inner-section elementor-element elementor-element-7ea8f86 relative elementor-section-boxed elementor-section-height-default elementor-section-height-default\" data-id=\"7ea8f86\" data-element_type=\"section\">\n\t\t\t\t\t\t<div class=\"elementor-container elementor-column-gap-default\">\n\t\t\t\t\t<div class=\"elementor-column elementor-col-100 elementor-inner-column elementor-element elementor-element-129b8f9 elementor-container top column-style-top\" data-id=\"129b8f9\" data-element_type=\"column\">\n\t\t\t<div class=\"elementor-widget-wrap elementor-element-populated\">\n\t\t\t\t\t\t<div class=\"elementor-element elementor-element-1dd0b0e elementor-widget__width-initial elementor-widget elementor-widget-heading\" data-id=\"1dd0b0e\" data-element_type=\"widget\" data-widget_type=\"heading.default\">\n\t\t\t\t<div class=\"elementor-widget-container\">\n\t\t\t<h1 class=\"elementor-heading-title elementor-size-default\">Retehnologizarea unit\u0103\u021bii 1<\/h1>\t\t<\/div>\n\t\t\t\t<\/div>\n\t\t\t\t\t<\/div>\n\t\t<\/div>\n\t\t\t\t\t<\/div>\n\t\t<\/section>\n\t\t\t\t\t<\/div>\n\t\t<\/div>\n\t\t\t\t\t<\/div>\n\t\t<\/section>\n\t\t\t\t<section class=\"elementor-section elementor-top-section elementor-element elementor-element-993c1ba elementor-section-boxed elementor-section-height-default elementor-section-height-default\" data-id=\"993c1ba\" data-element_type=\"section\">\n\t\t\t\t\t\t<div class=\"elementor-container elementor-column-gap-default\">\n\t\t\t\t\t<div class=\"elementor-column elementor-col-100 elementor-top-column elementor-element elementor-element-457ca22 top column-style-top\" data-id=\"457ca22\" data-element_type=\"column\">\n\t\t\t<div class=\"elementor-widget-wrap elementor-element-populated\">\n\t\t\t\t\t\t<div class=\"elementor-element elementor-element-7e06194 elementor-widget elementor-widget-text-editor\" data-id=\"7e06194\" data-element_type=\"widget\" data-widget_type=\"text-editor.default\">\n\t\t\t\t<div class=\"elementor-widget-container\">\n\t\t\t\t\t\t\t<h2><strong>Context<\/strong><\/h2><p>Retehnologizarea Unit\u0103\u021bii 1 \u00eenseamn\u0103 \u00eenc\u0103 30 de ani de operare dup\u0103 anul 2029, la mai pu\u021bin de jumatate din costurile unui reactor nuclear nou. Concret, \u00eenseamn\u0103 \u00eenc\u0103 30 de ani f\u0103r\u0103 emisii de CO2. Din punct de vedere al costurilor, implicit al impactului ulterior \u00een pia\u021b\u0103, un studiu NEA-OECD confirm\u0103 c\u0103 prelungirea duratei de via\u021b\u0103 a unit\u0103\u021bilor nucleare are cel mai mic cost dintre toate sursele, inclusiv surse regenerabile, de CO2 (35 USD) comparativ cu energia eolian\u0103 (50 USD) \u0219i energia solar\u0103 (94 USD).<\/p><h2><strong>Descriere<\/strong><\/h2><p>Reactoarele CANDU au o durat\u0103 de via\u021b\u0103 ini\u021bial\u0103 de 30 de ani. \u00cen urma unui proces de retehnologizare, aceast\u0103 durat\u0103 de via\u021b\u0103 poate fi prelungit\u0103 cu \u00eenc\u0103 30 de ani, ceea ce SNN realizeaz\u0103 \u00een prezent cu Unitatea 1, aceasta fiind pus\u0103 \u00een exploatare comercial\u0103 \u00een 1996. Unitatea 2 a fost pus\u0103 \u00een func\u021biune \u00een 2007, a\u0219adar putem discut\u0103 despre retehnologizarea Unit\u0103\u021bii 2 la nivelul anului 2037.<\/p><h2><strong>Capacitate<\/strong><\/h2><p>700 MW<\/p><h2>Produc\u021bie<\/h2><p>Unitatea 1 CNE Cernavod\u0103, din<\/p><ul><li>a livrat p\u00e2n\u0103 \u00een prezent 127 milioane MWh, ceea ce reprezint\u0103 9% din consumul la nivel na\u021bional \u00een 25 ani.<\/li><li class=\"li-last\">a evitat eliberarea \u00een atmosfer\u0103 a 125 milioane tone CO2, ceea ce reprezint\u0103 echivalentul emisiilor produse de toate autoturismele din Rom\u00e2nia timp de peste 6 ani.<\/li><\/ul><p>5 mil tone CO2 evitate anual<\/p><h2><strong>Etape de realizare<\/strong><\/h2><p>Faza 1 a Retehnologizarii Unit\u0103\u021bii 1 a fost \u00eenceput\u0103 \u00een anul 2017 \u0219i a fost dedicat\u0103 identific\u0103rii \u0219i definirii activit\u0103\u021bilor necesare pentru retehnologizarea U1, astfel \u00eenc\u00e2t aceasta s\u0103 func\u021bioneze \u00eenc\u0103 un ciclu de via\u021b\u0103 de 30 de ani. Produsul final al acestei faze a fost elaborarea Studiului de Fezabilitate, aprobat \u00een AGA din data de 23.02.2022, la un cost estimat al investi\u021biei de 1,85 milioane Euro.<\/p><p>Faza 2 a proiectului \u00eencepe dup\u0103 aprobarea studiului de fezabilitate \u0219i cuprinde asigurarea resurselor financiare pentru derularea Proiectului de Retehnologizare a U1, preg\u0103tirea execu\u021biei activit\u0103\u021bilor identificate \u0219i definite pentru retehnologizarea U1 \u00een Faza I \u0219i ob\u021binerea tuturor aprob\u0103rilor \u0219i avizelor necesare desf\u0103\u0219ur\u0103rii acestui proiect.<\/p><p>Faza 3 a proiectului \u00eencepe odat\u0103 cu oprirea Unitatii 1 \u0219i const\u0103 \u00een derularea efectiv\u0103 a lucr\u0103rilor din Proiectul de Retehnologizare a U1, \u00een instala\u021biile unit\u0103\u021bii, precum \u0219i repunerea acesteia \u00een func\u021biune, \u00een vederea exploat\u0103rii comerciale pentru un nou ciclu de func\u021bionare de 30 de ani, dup\u0103 anul 2029.<\/p><h2>Repunerea \u00een func\u021biune<\/h2><p>2029<\/p><h2><strong>Cost estimat<\/strong><\/h2><p>1,85 miliarde de EURO fara a lua in calcul costurile finantarii si actualizarea cu rata inflatiei la data la care va fi semnat contractul de retehnologizare a Unitatii 1 CNE Cernavoda.<\/p><h2><strong>Structura de finan\u021bare<\/strong><\/h2><p>TBD in etapa 2<\/p><h2><strong>Efecte socio-economice<\/strong><\/h2><p>30 de ani de operare incepand cu anul 2029<\/p><p>Sute de noi locuri de munca<\/p><p>Contributii in economie<\/p><h2><strong>Tone de CO2 evitate<\/strong><\/h2><p>5 milioane tone CO2 evitate anual<\/p>\t\t\t\t\t\t<\/div>\n\t\t\t\t<\/div>\n\t\t\t\t\t<\/div>\n\t\t<\/div>\n\t\t\t\t\t<\/div>\n\t\t<\/section>\n\t\t\t\t<section class=\"elementor-section elementor-top-section elementor-element elementor-element-b1fc629 elementor-section-boxed elementor-section-height-default elementor-section-height-default\" data-id=\"b1fc629\" data-element_type=\"section\">\n\t\t\t\t\t\t<div class=\"elementor-container elementor-column-gap-default\">\n\t\t\t\t\t<div class=\"elementor-column elementor-col-100 elementor-top-column elementor-element elementor-element-446ecd8 top column-style-top\" data-id=\"446ecd8\" data-element_type=\"column\">\n\t\t\t<div class=\"elementor-widget-wrap elementor-element-populated\">\n\t\t\t\t\t\t<div class=\"elementor-element elementor-element-146be70 elementor-widget elementor-widget-gva-video-box\" data-id=\"146be70\" data-element_type=\"widget\" data-widget_type=\"gva-video-box.default\">\n\t\t\t\t<div class=\"elementor-widget-container\">\n\t\t\t<div class=\"gva-element-gva-video-box gva-element\">\r\n   <div class=\"widget gsc-video-box clearfix style-1\">\r\n      <div class=\"video-inner\">\r\n         <div class=\"video-image\">\r\n                           <img decoding=\"async\" src=\"https:\/\/snn.redvectordev.com\/snn\/wp-content\/uploads\/sites\/2\/2019\/05\/nuclear_logo-e1728394795543.png\" alt=\"\"\/>\r\n               \r\n            <div class=\"video-action\">\r\n                                 <a href=\"https:\/\/www.youtube.com\/watch?v=nVMoyJJ9ZA0&amp;t=1s\" class=\"popup-video\"><span><i class=\"fa fa-play\"><\/i><\/span><\/a>\r\n                 \r\n            <\/div>    \r\n         <\/div>\r\n            \r\n      <\/div>\r\n   <\/div> \r\n\r\n \r\n<\/div>\t\t<\/div>\n\t\t\t\t<\/div>\n\t\t\t\t\t<\/div>\n\t\t<\/div>\n\t\t\t\t\t<\/div>\n\t\t<\/section>\n\t\t\t\t<\/div>\n\t\t","protected":false},"excerpt":{"rendered":"<p>Retehnologizarea unit\u0103\u021bii 1 Context Retehnologizarea Unit\u0103\u021bii 1 \u00eenseamn\u0103 \u00eenc\u0103 30 de ani de operare dup\u0103 anul 2029, la mai pu\u021bin de jumatate din costurile unui reactor nuclear nou. Concret, \u00eenseamn\u0103 \u00eenc\u0103 30 de ani f\u0103r\u0103 emisii de CO2. Din punct de vedere al costurilor, implicit al impactului ulterior \u00een pia\u021b\u0103, un studiu NEA-OECD confirm\u0103 c\u0103 [&hellip;]<\/p>\n","protected":false},"author":2,"featured_media":0,"parent":40806,"menu_order":0,"comment_status":"closed","ping_status":"closed","template":"","meta":{"footnotes":""},"class_list":["post-40718","page","type-page","status-publish","hentry"],"_links":{"self":[{"href":"https:\/\/snn.redvectordev.com\/snn\/wp-json\/wp\/v2\/pages\/40718"}],"collection":[{"href":"https:\/\/snn.redvectordev.com\/snn\/wp-json\/wp\/v2\/pages"}],"about":[{"href":"https:\/\/snn.redvectordev.com\/snn\/wp-json\/wp\/v2\/types\/page"}],"author":[{"embeddable":true,"href":"https:\/\/snn.redvectordev.com\/snn\/wp-json\/wp\/v2\/users\/2"}],"replies":[{"embeddable":true,"href":"https:\/\/snn.redvectordev.com\/snn\/wp-json\/wp\/v2\/comments?post=40718"}],"version-history":[{"count":32,"href":"https:\/\/snn.redvectordev.com\/snn\/wp-json\/wp\/v2\/pages\/40718\/revisions"}],"predecessor-version":[{"id":44287,"href":"https:\/\/snn.redvectordev.com\/snn\/wp-json\/wp\/v2\/pages\/40718\/revisions\/44287"}],"up":[{"embeddable":true,"href":"https:\/\/snn.redvectordev.com\/snn\/wp-json\/wp\/v2\/pages\/40806"}],"wp:attachment":[{"href":"https:\/\/snn.redvectordev.com\/snn\/wp-json\/wp\/v2\/media?parent=40718"}],"curies":[{"name":"wp","href":"https:\/\/api.w.org\/{rel}","templated":true}]}}