{"id":13992,"date":"2024-10-26T16:41:28","date_gmt":"2024-10-26T16:41:28","guid":{"rendered":"https:\/\/snn.redvectordev.com\/ir\/?page_id=13992"},"modified":"2025-01-22T18:59:23","modified_gmt":"2025-01-22T18:59:23","slug":"proceduri-de-selectie","status":"publish","type":"page","link":"https:\/\/snn.redvectordev.com\/ir\/guvernanta-corporativa\/proceduri-de-selectie\/","title":{"rendered":"Proceduri de selec\u021bie"},"content":{"rendered":"\t\t<div data-elementor-type=\"wp-page\" data-elementor-id=\"13992\" class=\"elementor elementor-13992\">\n\t\t\t\t\t\t<section class=\"elementor-section elementor-top-section elementor-element elementor-element-e800921 elementor-section-full_width elementor-section-height-default elementor-section-height-default\" data-id=\"e800921\" data-element_type=\"section\">\n\t\t\t\t\t\t<div class=\"elementor-container elementor-column-gap-default\">\n\t\t\t\t\t<div class=\"elementor-column elementor-col-100 elementor-top-column elementor-element elementor-element-cf30cad top column-style-top\" data-id=\"cf30cad\" data-element_type=\"column\">\n\t\t\t<div class=\"elementor-widget-wrap elementor-element-populated\">\n\t\t\t\t\t\t<div class=\"elementor-element elementor-element-f830dfb elementor-widget elementor-widget-image\" data-id=\"f830dfb\" data-element_type=\"widget\" data-widget_type=\"image.default\">\n\t\t\t\t<div class=\"elementor-widget-container\">\n\t\t\t\t\t\t\t\t\t\t\t\t\t<img fetchpriority=\"high\" decoding=\"async\" width=\"1920\" height=\"284\" src=\"https:\/\/snn.redvectordev.com\/ir\/wp-content\/uploads\/sites\/3\/2024\/10\/SNN_ptSITE_pagini-SNN_DESPRE-NOI_benzi_02-Guvernanta_20241011.jpg\" class=\"attachment-full size-full wp-image-13555\" alt=\"\" srcset=\"https:\/\/snn.redvectordev.com\/ir\/wp-content\/uploads\/sites\/3\/2024\/10\/SNN_ptSITE_pagini-SNN_DESPRE-NOI_benzi_02-Guvernanta_20241011.jpg 1920w, https:\/\/snn.redvectordev.com\/ir\/wp-content\/uploads\/sites\/3\/2024\/10\/SNN_ptSITE_pagini-SNN_DESPRE-NOI_benzi_02-Guvernanta_20241011-1024x151.jpg 1024w, https:\/\/snn.redvectordev.com\/ir\/wp-content\/uploads\/sites\/3\/2024\/10\/SNN_ptSITE_pagini-SNN_DESPRE-NOI_benzi_02-Guvernanta_20241011-768x114.jpg 768w, https:\/\/snn.redvectordev.com\/ir\/wp-content\/uploads\/sites\/3\/2024\/10\/SNN_ptSITE_pagini-SNN_DESPRE-NOI_benzi_02-Guvernanta_20241011-600x89.jpg 600w\" sizes=\"(max-width: 1920px) 100vw, 1920px\" \/>\t\t\t\t\t\t\t\t\t\t\t\t\t<\/div>\n\t\t\t\t<\/div>\n\t\t\t\t<section class=\"elementor-section elementor-inner-section elementor-element elementor-element-6c3214b relative elementor-section-boxed elementor-section-height-default elementor-section-height-default\" data-id=\"6c3214b\" data-element_type=\"section\">\n\t\t\t\t\t\t<div class=\"elementor-container elementor-column-gap-default\">\n\t\t\t\t\t<div class=\"elementor-column elementor-col-100 elementor-inner-column elementor-element elementor-element-3e6981e elementor-container top column-style-top\" data-id=\"3e6981e\" data-element_type=\"column\">\n\t\t\t<div class=\"elementor-widget-wrap elementor-element-populated\">\n\t\t\t\t\t\t<div class=\"elementor-element elementor-element-ab26762 elementor-widget__width-initial elementor-widget elementor-widget-heading\" data-id=\"ab26762\" data-element_type=\"widget\" data-widget_type=\"heading.default\">\n\t\t\t\t<div class=\"elementor-widget-container\">\n\t\t\t<h1 class=\"elementor-heading-title elementor-size-default\">Proceduri de selec\u021bie<\/h1>\t\t<\/div>\n\t\t\t\t<\/div>\n\t\t\t\t\t<\/div>\n\t\t<\/div>\n\t\t\t\t\t<\/div>\n\t\t<\/section>\n\t\t\t\t\t<\/div>\n\t\t<\/div>\n\t\t\t\t\t<\/div>\n\t\t<\/section>\n\t\t\t\t<section class=\"elementor-section elementor-top-section elementor-element elementor-element-e322c37 elementor-section-boxed elementor-section-height-default elementor-section-height-default\" data-id=\"e322c37\" data-element_type=\"section\">\n\t\t\t\t\t\t<div class=\"elementor-container elementor-column-gap-default\">\n\t\t\t\t\t<div class=\"elementor-column elementor-col-100 elementor-top-column elementor-element elementor-element-c5c2b70 top column-style-top\" data-id=\"c5c2b70\" data-element_type=\"column\">\n\t\t\t<div class=\"elementor-widget-wrap\">\n\t\t\t\t\t\t\t<\/div>\n\t\t<\/div>\n\t\t\t\t\t<\/div>\n\t\t<\/section>\n\t\t\t\t<section class=\"elementor-section elementor-top-section elementor-element elementor-element-384ae4f elementor-section-boxed elementor-section-height-default elementor-section-height-default\" data-id=\"384ae4f\" data-element_type=\"section\">\n\t\t\t\t\t\t<div class=\"elementor-container elementor-column-gap-default\">\n\t\t\t\t\t<div class=\"elementor-column elementor-col-100 elementor-top-column elementor-element elementor-element-5669315 top column-style-top\" data-id=\"5669315\" data-element_type=\"column\">\n\t\t\t<div class=\"elementor-widget-wrap elementor-element-populated\">\n\t\t\t\t\t\t<div class=\"elementor-element elementor-element-1cd81e9 elementor-widget elementor-widget-gva-tabs-content\" data-id=\"1cd81e9\" data-element_type=\"widget\" data-widget_type=\"gva-tabs-content.default\">\n\t\t\t\t<div class=\"elementor-widget-container\">\n\t\t\t\t\t<div class=\"gsc-tabs-content\" role=\"tablist\">\n\t\t\t<div class=\"tabs_wrapper\">\n\t\t\t\t\n\t\t\t\t<ul class=\"nav nav_tabs clearfix\">\n\t\t\t\t\t\t\t\t\t\t\t<li class=\"elementor-repeater-item-10acf21\">\n\t\t\t\t\t\t\t<a class=\"active show\" data-toggle=\"tab\" href=\"#o8dx-0\">\n\t\t\t\t\t\t\t\t<span>Procedura de selec\u021bie a administratorilor SNN<\/span>\n\t\t\t\t\t\t\t<\/a>\n\t\t\t\t\t\t<\/li>\n\t\t\t\t\t\t\t\t\t\t\t<li class=\"elementor-repeater-item-07a03e1\">\n\t\t\t\t\t\t\t<a class=\"\" data-toggle=\"tab\" href=\"#o8dx-1\">\n\t\t\t\t\t\t\t\t<span>Procedura de selec\u021bie a adirectorului financiar SNN<\/span>\n\t\t\t\t\t\t\t<\/a>\n\t\t\t\t\t\t<\/li>\n\t\t\t\t\t\t\t\t\t\t\t<li class=\"elementor-repeater-item-bbf3378\">\n\t\t\t\t\t\t\t<a class=\"\" data-toggle=\"tab\" href=\"#o8dx-2\">\n\t\t\t\t\t\t\t\t<span>Procedura de selectie Nuclearelectrica Serv<\/span>\n\t\t\t\t\t\t\t<\/a>\n\t\t\t\t\t\t<\/li>\n\t\t\t\t\t\t\t\t\t\t\t<li class=\"elementor-repeater-item-8beb0c9\">\n\t\t\t\t\t\t\t<a class=\"\" data-toggle=\"tab\" href=\"#o8dx-3\">\n\t\t\t\t\t\t\t\t<span>Procedura de selectie FPCU Feldioara<\/span>\n\t\t\t\t\t\t\t<\/a>\n\t\t\t\t\t\t<\/li>\n\t\t\t\t\t\t\t\t\t\t\t<li class=\"elementor-repeater-item-4b4a36f\">\n\t\t\t\t\t\t\t<a class=\"\" data-toggle=\"tab\" href=\"#o8dx-4\">\n\t\t\t\t\t\t\t\t<span>Procedura de selectie EnergoNuclear<\/span>\n\t\t\t\t\t\t\t<\/a>\n\t\t\t\t\t\t<\/li>\n\t\t\t\t\t\t\t\t\t<\/ul>\n\t\t\t\t\n\n\t\t\t\t<div class=\"tab-content clearfix\">\n\t\t\t\t\t\t\t\t\t\t\t<div class=\"tab-pane fade in active show\" role=\"tabpanel\" id=\"o8dx-0\">\n\t\t\t\t\t\t\t\t\t\t\t\t\t\t<div class=\"tab-content-item no_image\">\n\t\t\t\t\t\t\t\t<p><strong>Documentatie procedura de selectie pozitie vacanta membru in Consiliul de Administratie SNN<\/strong><\/p><p><a href=\"https:\/\/www.nuclearelectrica.ro\/ir\/wp-content\/uploads\/sites\/9\/2024\/07\/Anunt-recrutare-membru-CA-SNN-iulie-2024-1.docx\">REPUBLICARE ANUN\u0162 DE RECRUTARE PENTRU POZI\u0162IA DE MEMBRU \u00ceN CONSILIUL DE ADMINISTRA\u0162IE AL\u00a0 S.N. Nuclearelectrica S.A.<\/a><\/p><p><a href=\"https:\/\/www.nuclearelectrica.ro\/ir\/wp-content\/uploads\/sites\/9\/2024\/01\/FORMULAR-F1.docx\">FORMULAR-F1<\/a><\/p><p><a href=\"https:\/\/www.nuclearelectrica.ro\/ir\/wp-content\/uploads\/sites\/9\/2024\/01\/FORMULAR-F2.docx\">FORMULAR-F2<\/a><\/p><p><a href=\"https:\/\/www.nuclearelectrica.ro\/ir\/wp-content\/uploads\/sites\/9\/2024\/01\/FORMULAR-F3.docx\">FORMULAR-F3<\/a><\/p><p><a href=\"https:\/\/www.nuclearelectrica.ro\/ir\/wp-content\/uploads\/sites\/9\/2024\/01\/FORMULAR-F4.docx\">FORMULAR-F4<\/a><\/p><p><a href=\"https:\/\/www.nuclearelectrica.ro\/ir\/wp-content\/uploads\/sites\/9\/2024\/01\/FORMULAR-F5.docx\">FORMULAR-F5<\/a><\/p><p>\u00a0<\/p><p><strong>Documentatie procedura de selectie pozitie vacanta membru in Consiliul de Administratie SNN<\/strong><\/p><p><a href=\"https:\/\/www.nuclearelectrica.ro\/ir\/wp-content\/uploads\/sites\/9\/2024\/04\/Anunt-recrutare-membru-CA-SNN-2024.pdf\">ANUN\u0162 DE RECRUTARE PENTRU POZI\u0162IA DE MEMBRU \u00ceN CONSILIUL DE ADMINISTRA\u0162IE AL S.N. Nuclearelectrica S.A.<\/a><\/p><p><a href=\"https:\/\/www.nuclearelectrica.ro\/ir\/wp-content\/uploads\/sites\/9\/2024\/01\/FORMULAR-F1.docx\">FORMULAR-F1<\/a><\/p><p><a href=\"https:\/\/www.nuclearelectrica.ro\/ir\/wp-content\/uploads\/sites\/9\/2024\/01\/FORMULAR-F2.docx\">FORMULAR-F2<\/a><\/p><p><a href=\"https:\/\/www.nuclearelectrica.ro\/ir\/wp-content\/uploads\/sites\/9\/2024\/01\/FORMULAR-F3.docx\">FORMULAR-F3<\/a><\/p><p><a href=\"https:\/\/www.nuclearelectrica.ro\/ir\/wp-content\/uploads\/sites\/9\/2024\/01\/FORMULAR-F4.docx\">FORMULAR-F4<\/a><\/p><p><a href=\"https:\/\/www.nuclearelectrica.ro\/ir\/wp-content\/uploads\/sites\/9\/2024\/01\/FORMULAR-F5.docx\">FORMULAR-F5<\/a><\/p><p>\u00a0<\/p><p><strong>Documentatie procedura de selectie pozitie vacanta membru in Consiliul de Administratie SNN<\/strong><\/p><p><a href=\"https:\/\/www.nuclearelectrica.ro\/ir\/wp-content\/uploads\/sites\/9\/2024\/03\/Anunt-recrutare-membru-CA-SNN-2023.pdf\">ANUN\u0162 DE RECRUTARE PENTRU POZI\u0162IA DE MEMBRU \u00ceN CONSILIUL DE ADMINISTRA\u0162IE AL S.N. Nuclearelectrica S.A.<\/a><\/p><p><a href=\"https:\/\/www.nuclearelectrica.ro\/ir\/wp-content\/uploads\/sites\/9\/2024\/01\/FORMULAR-F1.docx\">FORMULAR-F1<\/a><\/p><p><a href=\"https:\/\/www.nuclearelectrica.ro\/ir\/wp-content\/uploads\/sites\/9\/2024\/01\/FORMULAR-F2.docx\">FORMULAR-F2<\/a><\/p><p><a href=\"https:\/\/www.nuclearelectrica.ro\/ir\/wp-content\/uploads\/sites\/9\/2024\/01\/FORMULAR-F3.docx\">FORMULAR-F3<\/a><\/p><p><a href=\"https:\/\/www.nuclearelectrica.ro\/ir\/wp-content\/uploads\/sites\/9\/2024\/01\/FORMULAR-F4.docx\">FORMULAR-F4<\/a><\/p><p><a href=\"https:\/\/www.nuclearelectrica.ro\/ir\/wp-content\/uploads\/sites\/9\/2024\/01\/FORMULAR-F5.docx\">FORMULAR-F5<\/a><\/p><p>\u00a0<\/p><p><strong>Documentatie procedura de selectie pozitie vacanta membru in Consiliul de Administratie SNN<\/strong><\/p><p><a href=\"https:\/\/www.nuclearelectrica.ro\/ir\/wp-content\/uploads\/sites\/9\/2024\/01\/Anunt-recrutare-membru-CA-SNN-2023_rev-3.pdf\">ANUN\u0162 DE RECRUTARE PENTRU POZI\u0162IA DE MEMBRU \u00ceN CONSILIUL DE ADMINISTRA\u0162IE AL S.N. NUCLEARELECTRICA S.A.<\/a><\/p><p><a href=\"https:\/\/www.nuclearelectrica.ro\/ir\/wp-content\/uploads\/sites\/9\/2024\/01\/FORMULAR-F1.docx\">FORMULAR-F1<\/a><\/p><p><a href=\"https:\/\/www.nuclearelectrica.ro\/ir\/wp-content\/uploads\/sites\/9\/2024\/01\/FORMULAR-F2.docx\">FORMULAR-F2<\/a><\/p><p><a href=\"https:\/\/www.nuclearelectrica.ro\/ir\/wp-content\/uploads\/sites\/9\/2024\/01\/FORMULAR-F3.docx\">FORMULAR-F3<\/a><\/p><p><a href=\"https:\/\/www.nuclearelectrica.ro\/ir\/wp-content\/uploads\/sites\/9\/2024\/01\/FORMULAR-F4.docx\">FORMULAR-F4<\/a><\/p><p><a href=\"https:\/\/www.nuclearelectrica.ro\/ir\/wp-content\/uploads\/sites\/9\/2024\/01\/FORMULAR-F5.docx\">FORMULAR-F5<\/a><\/p><p>\u00a0<\/p><p><strong>Documentatie procedura de selectie pentru Consiliul de Administratie SNN<\/strong><\/p><p><a href=\"https:\/\/www.nuclearelectrica.ro\/ir\/wp-content\/uploads\/sites\/9\/2022\/12\/Scrisoare-de-asteptari-SNN-SA-_-aprobata-_22.12.2022.pdf\">SCRISOARE DE ASTEPTARI<\/a><\/p><p><a href=\"https:\/\/www.nuclearelectrica.ro\/ir\/wp-content\/uploads\/sites\/9\/2022\/12\/Anunt-recrutare-membru-CA-SNN-2022-21.docx\">ANUN\u0162 DE RECRUTARE PENTRU POZI\u0162IA DE MEMBRU \u00ceN CONSILIUL DE ADMINISTRA\u0162IE AL S.N. NUCLEARELECTRICA S.A.<\/a><\/p><p><a href=\"https:\/\/www.nuclearelectrica.ro\/ir\/wp-content\/uploads\/sites\/9\/2022\/11\/FORMULAR-F1.docx\">FORMULAR F1<\/a><\/p><p><a href=\"https:\/\/www.nuclearelectrica.ro\/ir\/wp-content\/uploads\/sites\/9\/2022\/11\/FORMULAR-F2.docx\">FORMULAR F2<\/a><\/p><p><a href=\"https:\/\/www.nuclearelectrica.ro\/ir\/wp-content\/uploads\/sites\/9\/2022\/11\/FORMULAR-F3.docx\">FORMULAR F3<\/a><\/p><p><a href=\"https:\/\/www.nuclearelectrica.ro\/ir\/wp-content\/uploads\/sites\/9\/2022\/11\/FORMULAR-F4.docx\">FORMULAR F4<\/a><\/p><p><a href=\"https:\/\/www.nuclearelectrica.ro\/ir\/wp-content\/uploads\/sites\/9\/2022\/11\/FORMULAR-F5.docx\">FORMULAR F5<\/a><\/p>\t\t\t\t\t\t\t<\/div>\n\t\t\t\t\t\t<\/div>\n\t\t\t\t\t\n\t\t\t\t\t\t\t\t\t\t\t<div class=\"tab-pane fade in \" role=\"tabpanel\" id=\"o8dx-1\">\n\t\t\t\t\t\t\t\t\t\t\t\t\t\t<div class=\"tab-content-item no_image\">\n\t\t\t\t\t\t\t\t<p><a href=\"https:\/\/www.nuclearelectrica.ro\/ir\/wp-content\/uploads\/sites\/9\/2024\/08\/Anunt-recrutare-DF-SNN-2024.docx\">REPUBLICARE ANUN\u0162 DE RECRUTARE PENTRU POZI\u0162IA DE DIRECTOR FINANCIAR AL S.N. Nuclearelectrica S.A.<\/a><\/p><p><a href=\"https:\/\/www.nuclearelectrica.ro\/ir\/wp-content\/uploads\/sites\/9\/2024\/04\/FORMULAR-F1.docx\">Formular F1<\/a><\/p><p><a href=\"https:\/\/www.nuclearelectrica.ro\/ir\/wp-content\/uploads\/sites\/9\/2024\/04\/FORMULAR-F2.docx\">Formular F2<\/a><\/p><p><a href=\"https:\/\/www.nuclearelectrica.ro\/ir\/wp-content\/uploads\/sites\/9\/2024\/04\/FORMULAR-F3.docx\">Formular F3<\/a><\/p><p><a href=\"https:\/\/www.nuclearelectrica.ro\/ir\/wp-content\/uploads\/sites\/9\/2024\/04\/FORMULAR-F4.docx\">Formular F4<\/a><\/p><p><a href=\"https:\/\/www.nuclearelectrica.ro\/ir\/wp-content\/uploads\/sites\/9\/2024\/04\/FORMULAR-F5.docx\">Formular F5<\/a><\/p><p>\u00a0<\/p><p><a href=\"https:\/\/www.nuclearelectrica.ro\/ir\/wp-content\/uploads\/sites\/9\/2024\/04\/Anunt-recrutare-DF-SNN-2024.pdf\">Anunt recrutare Director Financiar 2024<\/a><\/p><p><a href=\"https:\/\/www.nuclearelectrica.ro\/ir\/wp-content\/uploads\/sites\/9\/2024\/04\/FORMULAR-F1.docx\">Formular F1<\/a><\/p><p><a href=\"https:\/\/www.nuclearelectrica.ro\/ir\/wp-content\/uploads\/sites\/9\/2024\/04\/FORMULAR-F2.docx\">Formular F2<\/a><\/p><p><a href=\"https:\/\/www.nuclearelectrica.ro\/ir\/wp-content\/uploads\/sites\/9\/2024\/04\/FORMULAR-F3.docx\">Formular F3<\/a><\/p><p><a href=\"https:\/\/www.nuclearelectrica.ro\/ir\/wp-content\/uploads\/sites\/9\/2024\/04\/FORMULAR-F4.docx\">Formular F4<\/a><\/p><p><a href=\"https:\/\/www.nuclearelectrica.ro\/ir\/wp-content\/uploads\/sites\/9\/2024\/04\/FORMULAR-F5.docx\">Formular F5<\/a><\/p><p><a href=\"https:\/\/www.nuclearelectrica.ro\/ir\/wp-content\/uploads\/sites\/9\/2024\/04\/PSCINT-DF-SNN-2024.pdf\">PLAN DE SELEC\u021aIE Componenta integral\u0103 pentru desemnarea Directorului Financiar S.N. NUCLEARELECTRICA S.A<\/a><\/p><p>\u00a0<\/p><p><a href=\"https:\/\/www.nuclearelectrica.ro\/ir\/wp-content\/uploads\/sites\/9\/2023\/02\/Anunt-recrutare-DF-SNN-2023.docx\">Anunt recrutare 2023<\/a><\/p><p><a href=\"https:\/\/www.nuclearelectrica.ro\/ir\/wp-content\/uploads\/sites\/9\/2023\/02\/FORMULAR-F1.docx\">FORMULAR F1<\/a><\/p><p><a href=\"https:\/\/www.nuclearelectrica.ro\/ir\/wp-content\/uploads\/sites\/9\/2023\/02\/FORMULAR-F2.docx\">FORMULAR F2<\/a><\/p><p><a href=\"https:\/\/www.nuclearelectrica.ro\/ir\/wp-content\/uploads\/sites\/9\/2023\/02\/FORMULAR-F3.docx\">FORMULAR F3<\/a><\/p><p><a href=\"https:\/\/www.nuclearelectrica.ro\/ir\/wp-content\/uploads\/sites\/9\/2023\/02\/FORMULAR-F4.docx\">FORMULAR F4<\/a><\/p><p><a href=\"https:\/\/www.nuclearelectrica.ro\/ir\/wp-content\/uploads\/sites\/9\/2023\/02\/FORMULAR-F5.docx\">FORMULAR F5<\/a><\/p>\t\t\t\t\t\t\t<\/div>\n\t\t\t\t\t\t<\/div>\n\t\t\t\t\t\n\t\t\t\t\t\t\t\t\t\t\t<div class=\"tab-pane fade in \" role=\"tabpanel\" id=\"o8dx-2\">\n\t\t\t\t\t\t\t\t\t\t\t\t\t\t<div class=\"tab-content-item no_image\">\n\t\t\t\t\t\t\t\t<p><a href=\"https:\/\/www.nuclearelectrica.ro\/ir\/wp-content\/uploads\/sites\/9\/2024\/12\/20_12_2024-Adresa-nr-223245-ME-transmitere-Component%C4%83-ini%C8%9Bial%C4%83-%C8%99i-Scrisoare-astept%C4%83ri-Nuclearelectrica-Serv-SRL-1.pdf\">Adresa de inaintare<\/a><\/p><p><a href=\"https:\/\/www.nuclearelectrica.ro\/ir\/wp-content\/uploads\/sites\/9\/2024\/12\/Componenta-ini%C8%9Bial%C4%83-Plan-selectie-Nuclearelectrica-Serv-SRL-1.pdf\">Componenta ini\u021bial\u0103 Plan de Selectie Nuclearelectrica Serv<\/a><\/p><p><a href=\"https:\/\/www.nuclearelectrica.ro\/ir\/wp-content\/uploads\/sites\/9\/2024\/12\/Scrisoare-de-a%C8%99tept%C4%83ri-Nuclearelectrica-Serv-SRL-1.pdf\">Scrisoare de a\u0219tept\u0103ri Societatea Nuclearelectrica Serv<\/a><\/p>\t\t\t\t\t\t\t<\/div>\n\t\t\t\t\t\t<\/div>\n\t\t\t\t\t\n\t\t\t\t\t\t\t\t\t\t\t<div class=\"tab-pane fade in \" role=\"tabpanel\" id=\"o8dx-3\">\n\t\t\t\t\t\t\t\t\t\t\t\t\t\t<div class=\"tab-content-item no_image\">\n\t\t\t\t\t\t\t\t<p><a href=\"https:\/\/www.nuclearelectrica.ro\/ir\/wp-content\/uploads\/sites\/9\/2024\/12\/20_12_2024-Adresa-nr-223246-ME-transmitere-Component%C4%83-ini%C8%9Bial%C4%83-%C8%99i-Scrisoare-astept%C4%83ri-FPCU-Feldioara-SRL-1.pdf\">Adresa de inaintare\u00a0<\/a><\/p><p><a href=\"https:\/\/www.nuclearelectrica.ro\/ir\/wp-content\/uploads\/sites\/9\/2024\/12\/Componenta-ini%C8%9Bial%C4%83-Plan-selectie-FPCU-Feldioara-SRL-1.pdf\">Componenta ini\u021bial\u0103 Plan de Selectie FPCU Feldioara<\/a><\/p><p><a href=\"https:\/\/www.nuclearelectrica.ro\/ir\/wp-content\/uploads\/sites\/9\/2024\/12\/Scrisoare-de-asteptari-FPCU-Feldioara-SRL-1.pdf\">Scrisoare de a\u0219tept\u0103ri Societatea FPCU Feldioara\u00a0<\/a><\/p>\t\t\t\t\t\t\t<\/div>\n\t\t\t\t\t\t<\/div>\n\t\t\t\t\t\n\t\t\t\t\t\t\t\t\t\t\t<div class=\"tab-pane fade in \" role=\"tabpanel\" id=\"o8dx-4\">\n\t\t\t\t\t\t\t\t\t\t\t\t\t\t<div class=\"tab-content-item no_image\">\n\t\t\t\t\t\t\t\t<p><a href=\"https:\/\/www.nuclearelectrica.ro\/ir\/wp-content\/uploads\/sites\/9\/2024\/12\/19_12_2024-Adres%C4%83-nr.-223232-transmitere-Component%C4%83-ini%C8%9Bial%C4%83-%C8%99i-Scrisoare-astept%C4%83ri-EnergoNuclear-SA-1.pdf\">Adresa de inaintare<\/a><\/p><p><a href=\"https:\/\/www.nuclearelectrica.ro\/ir\/wp-content\/uploads\/sites\/9\/2024\/12\/Componenta-ini%C8%9Bial%C4%83-Plan-selectie-EnergoNuclear-1.pdf\">Componenta initiala Plan Selectie EnergoNuclear\u00a0<\/a><\/p><p><a href=\"https:\/\/www.nuclearelectrica.ro\/ir\/wp-content\/uploads\/sites\/9\/2024\/12\/Scrisoare-de-a%C8%99tept%C4%83ri-Societatea-EnergoNuclear-S.A.-1.pdf\">Scrisoare de asteptari Societatea EnergoNuclear SA\u00a0<\/a><\/p>\t\t\t\t\t\t\t<\/div>\n\t\t\t\t\t\t<\/div>\n\t\t\t\t\t\n\t\t\t\t\t\t\t\t\t<\/div>\n\t\t\t<\/div>\t\n\t\t<\/div>\n\n\t\t\t\t<\/div>\n\t\t\t\t<\/div>\n\t\t\t\t\t<\/div>\n\t\t<\/div>\n\t\t\t\t\t<\/div>\n\t\t<\/section>\n\t\t\t\t<\/div>\n\t\t","protected":false},"excerpt":{"rendered":"<p>Proceduri de selec\u021bie Procedura de selec\u021bie a administratorilor SNN Procedura de selec\u021bie a adirectorului financiar SNN Procedura de selectie Nuclearelectrica Serv Procedura de selectie FPCU Feldioara Procedura de selectie EnergoNuclear Documentatie procedura de selectie pozitie vacanta membru in Consiliul de Administratie SNN REPUBLICARE ANUN\u0162 DE RECRUTARE PENTRU POZI\u0162IA DE MEMBRU \u00ceN CONSILIUL DE ADMINISTRA\u0162IE AL\u00a0 [&hellip;]<\/p>\n","protected":false},"author":2,"featured_media":0,"parent":13704,"menu_order":0,"comment_status":"closed","ping_status":"closed","template":"","meta":{"footnotes":""},"class_list":["post-13992","page","type-page","status-publish","hentry"],"_links":{"self":[{"href":"https:\/\/snn.redvectordev.com\/ir\/wp-json\/wp\/v2\/pages\/13992"}],"collection":[{"href":"https:\/\/snn.redvectordev.com\/ir\/wp-json\/wp\/v2\/pages"}],"about":[{"href":"https:\/\/snn.redvectordev.com\/ir\/wp-json\/wp\/v2\/types\/page"}],"author":[{"embeddable":true,"href":"https:\/\/snn.redvectordev.com\/ir\/wp-json\/wp\/v2\/users\/2"}],"replies":[{"embeddable":true,"href":"https:\/\/snn.redvectordev.com\/ir\/wp-json\/wp\/v2\/comments?post=13992"}],"version-history":[{"count":13,"href":"https:\/\/snn.redvectordev.com\/ir\/wp-json\/wp\/v2\/pages\/13992\/revisions"}],"predecessor-version":[{"id":45027,"href":"https:\/\/snn.redvectordev.com\/ir\/wp-json\/wp\/v2\/pages\/13992\/revisions\/45027"}],"up":[{"embeddable":true,"href":"https:\/\/snn.redvectordev.com\/ir\/wp-json\/wp\/v2\/pages\/13704"}],"wp:attachment":[{"href":"https:\/\/snn.redvectordev.com\/ir\/wp-json\/wp\/v2\/media?parent=13992"}],"curies":[{"name":"wp","href":"https:\/\/api.w.org\/{rel}","templated":true}]}}