{"id":506,"date":"2016-03-04T02:30:30","date_gmt":"2016-03-04T02:30:30","guid":{"rendered":"https:\/\/gaviaspreview.com\/wp\/inusti\/?page_id=506"},"modified":"2016-03-04T02:30:30","modified_gmt":"2016-03-04T02:30:30","slug":"news-2","status":"publish","type":"page","link":"https:\/\/snn.redvectordev.com\/info\/news-2\/","title":{"rendered":"News II"},"content":{"rendered":"\t\t<div data-elementor-type=\"wp-post\" data-elementor-id=\"506\" class=\"elementor elementor-506\">\n\t\t\t\t\t\t<section class=\"elementor-section elementor-top-section elementor-element elementor-element-4d2980f elementor-section-boxed elementor-section-height-default elementor-section-height-default\" data-id=\"4d2980f\" data-element_type=\"section\">\n\t\t\t\t\t\t<div class=\"elementor-container elementor-column-gap-default\">\n\t\t\t\t\t<div class=\"elementor-column elementor-col-100 elementor-top-column elementor-element elementor-element-cc38b96 top column-style-top\" data-id=\"cc38b96\" data-element_type=\"column\">\n\t\t\t<div class=\"elementor-widget-wrap elementor-element-populated\">\n\t\t\t\t\t\t<div class=\"elementor-element elementor-element-c44d968 elementor-widget elementor-widget-gva-posts\" data-id=\"c44d968\" data-element_type=\"widget\" data-widget_type=\"gva-posts.default\">\n\t\t\t\t<div class=\"elementor-widget-container\">\n\t\t\t<div class=\"gva-element-gva-posts gva-element\">  \r\n  <div class=\"gva-posts-grid clearfix gva-posts\">\r\n      <div class=\"gva-content-items\"> \r\n        <div class=\"lg-block-grid-3 md-block-grid-2 sm-block-grid-2 xs-block-grid-2 xx-block-grid-1\">\r\n          \n\n\n<div class=\"all achizitii-sectoriale despre-noi  item-columns\">\n\n   <article id=\"post-39979\" class=\"post-39979 post type-post status-publish format-standard has-post-thumbnail hentry category-achizitii-sectoriale category-despre-noi\">\n\n      <div class=\"post-block post-style-1\">\n\n         <div class=\"post-thumbnail\">\n\n            <a href=\"https:\/\/snn.redvectordev.com\/info\/2024\/07\/16\/pachete-de-tip-cadou-pentru-1-8-martie-2-2\/\">\n\n               \n            <\/a>   \n\n            \n               <div class=\"entry-date\">16 iulie 2024<\/div>\n\n            \n         <\/div>   \n\n\n\n         <div class=\"entry-content\">\n\n            <div class=\"content-inner\">\n\n               <div class=\"entry-meta\">\n\n                  <div class=\"meta-inline\"><span class=\"author vcard\"><i class=\"far fa-user-circle\"><\/i>by&nbsp;cne<\/span><\/div>                  \n\n               <\/div> \n\n               <h2 class=\"entry-title\"><a href=\"https:\/\/snn.redvectordev.com\/info\/2024\/07\/16\/pachete-de-tip-cadou-pentru-1-8-martie-2-2\/\" rel=\"bookmark\">Productie film de informare si promovare<\/a><\/h2>\n               \n               Entitatea contractant\u00e3: SN Nuclearelectrica SA, cu sediul \u00een Bulevardul Iancu de Hunedoara, nr. 48, Cl\u00e3direa Crystal Tower, Sector 1, Bucure\u015fti, \u00a0telefon +4021.203.82.00, fax +4021.316.94.00 v\u00e3 invita s\u00e3 transmite\u0163i propunerea de ofert\u00e3 pentru urmatoarea achizi\u0163ie: \u00a0 Obiectul contractului: Productie film de informare si promovare; Metoda de atribuire aplicat\u00e3: Achizi\u0163ie directa Valoare total\u0103 estimat\u0103: 236.040\u00a0lei, f\u00e3r\u00e3 TVA; [&hellip;]\n               <div class=\"read-more\">\n\n                  <a class=\"btn-inline\" href=\"https:\/\/snn.redvectordev.com\/info\/2024\/07\/16\/pachete-de-tip-cadou-pentru-1-8-martie-2-2\/\">Read more<\/a>\n\n               <\/div>\n\n            <\/div>\n\n         <\/div>\n\n      <\/div>   \n\n   <\/article>   \n\n<\/div>\n\n\n\n  \n\n\n<div class=\"all achizitii-sectoriale despre-noi  item-columns\">\n\n   <article id=\"post-39363\" class=\"post-39363 post type-post status-publish format-standard has-post-thumbnail hentry category-achizitii-sectoriale category-despre-noi\">\n\n      <div class=\"post-block post-style-1\">\n\n         <div class=\"post-thumbnail\">\n\n            <a href=\"https:\/\/snn.redvectordev.com\/info\/2024\/04\/18\/pachete-de-tip-cadou-pentru-1-8-martie-2\/\">\n\n               \n            <\/a>   \n\n            \n               <div class=\"entry-date\">18 aprilie 2024<\/div>\n\n            \n         <\/div>   \n\n\n\n         <div class=\"entry-content\">\n\n            <div class=\"content-inner\">\n\n               <div class=\"entry-meta\">\n\n                  <div class=\"meta-inline\"><span class=\"author vcard\"><i class=\"far fa-user-circle\"><\/i>by&nbsp;cne<\/span><\/div>                  \n\n               <\/div> \n\n               <h2 class=\"entry-title\"><a href=\"https:\/\/snn.redvectordev.com\/info\/2024\/04\/18\/pachete-de-tip-cadou-pentru-1-8-martie-2\/\" rel=\"bookmark\">Pachete de tip cadou pentru Paste<\/a><\/h2>\n               \n               Entitatea contractant\u00e3: SN Nuclearelectrica SA, cu sediul \u00een Bulevardul Iancu de Hunedoara, nr. 48, Cl\u00e3direa Crystal Tower, Sector 1, Bucure\u015fti, \u00a0telefon +4021.203.82.00, fax +4021.316.94.00 v\u00e3 invita s\u00e3 transmite\u0163i propunerea de ofert\u00e3 pentru urmatoarea achizi\u0163ie: \u00a0 Obiectul contractului: Pachete de tip cadou pentru Paste; Metoda de atribuire aplicat\u00e3: Achizi\u0163ie directa, \u00een temeiul art. 12 alin. (7) [&hellip;]\n               <div class=\"read-more\">\n\n                  <a class=\"btn-inline\" href=\"https:\/\/snn.redvectordev.com\/info\/2024\/04\/18\/pachete-de-tip-cadou-pentru-1-8-martie-2\/\">Read more<\/a>\n\n               <\/div>\n\n            <\/div>\n\n         <\/div>\n\n      <\/div>   \n\n   <\/article>   \n\n<\/div>\n\n\n\n  \n\n\n<div class=\"all achizitii-sectoriale despre-noi  item-columns\">\n\n   <article id=\"post-39093\" class=\"post-39093 post type-post status-publish format-standard has-post-thumbnail hentry category-achizitii-sectoriale category-despre-noi\">\n\n      <div class=\"post-block post-style-1\">\n\n         <div class=\"post-thumbnail\">\n\n            <a href=\"https:\/\/snn.redvectordev.com\/info\/2024\/02\/28\/pachete-de-tip-cadou-pentru-1-8-martie\/\">\n\n               \n            <\/a>   \n\n            \n               <div class=\"entry-date\">28 februarie 2024<\/div>\n\n            \n         <\/div>   \n\n\n\n         <div class=\"entry-content\">\n\n            <div class=\"content-inner\">\n\n               <div class=\"entry-meta\">\n\n                  <div class=\"meta-inline\"><span class=\"author vcard\"><i class=\"far fa-user-circle\"><\/i>by&nbsp;cne<\/span><\/div>                  \n\n               <\/div> \n\n               <h2 class=\"entry-title\"><a href=\"https:\/\/snn.redvectordev.com\/info\/2024\/02\/28\/pachete-de-tip-cadou-pentru-1-8-martie\/\" rel=\"bookmark\">Pachete de tip cadou pentru 1-8 Martie<\/a><\/h2>\n               \n               Entitatea contractant\u00e3: SN Nuclearelectrica SA, cu sediul \u00een Bulevardul Iancu de Hunedoara, nr. 48, Cl\u00e3direa Crystal Tower, Sector 1, Bucure\u015fti, \u00a0telefon +4021.203.82.00, fax +4021.316.94.00 v\u00e3 invita s\u00e3 transmite\u0163i propunerea de ofert\u00e3 pentru urmatoarea achizi\u0163ie: \u00a0 Obiectul contractului: Pachete de tip cadou pentru 1-8 martie; Metoda de atribuire aplicat\u00e3: Achizi\u0163ie directa, \u00een temeiul art. 12 alin. [&hellip;]\n               <div class=\"read-more\">\n\n                  <a class=\"btn-inline\" href=\"https:\/\/snn.redvectordev.com\/info\/2024\/02\/28\/pachete-de-tip-cadou-pentru-1-8-martie\/\">Read more<\/a>\n\n               <\/div>\n\n            <\/div>\n\n         <\/div>\n\n      <\/div>   \n\n   <\/article>   \n\n<\/div>\n\n\n\n  \n\n\n<div class=\"all achizitii-sectoriale despre-noi  item-columns\">\n\n   <article id=\"post-38909\" class=\"post-38909 post type-post status-publish format-standard has-post-thumbnail hentry category-achizitii-sectoriale category-despre-noi\">\n\n      <div class=\"post-block post-style-1\">\n\n         <div class=\"post-thumbnail\">\n\n            <a href=\"https:\/\/snn.redvectordev.com\/info\/2023\/12\/19\/servicii-de-elaborare-a-unor-rapoarte-de-analiza-pentru-piata-de-energie-electrica-in-format-electronic\/\">\n\n               \n            <\/a>   \n\n            \n               <div class=\"entry-date\">19 decembrie 2023<\/div>\n\n            \n         <\/div>   \n\n\n\n         <div class=\"entry-content\">\n\n            <div class=\"content-inner\">\n\n               <div class=\"entry-meta\">\n\n                  <div class=\"meta-inline\"><span class=\"author vcard\"><i class=\"far fa-user-circle\"><\/i>by&nbsp;cne<\/span><\/div>                  \n\n               <\/div> \n\n               <h2 class=\"entry-title\"><a href=\"https:\/\/snn.redvectordev.com\/info\/2023\/12\/19\/servicii-de-elaborare-a-unor-rapoarte-de-analiza-pentru-piata-de-energie-electrica-in-format-electronic\/\" rel=\"bookmark\">Servicii de elaborare a unor rapoarte de analiza pentru piata de energie electrica (in format electronic)<\/a><\/h2>\n               \n               CATRE TOTI CEI INTERESATI Entitatea contractanta: SN Nuclearelectrica SA, cu sediul in Bulevardul Iancu de Hunedoara 48, etajele parter, 3, 4, 5 si 13, Sector 1, Bucure\u0219ti, 011745, Romania; Tel +4021 203 82 00, Fax +4021 316 94 00 va invita sa transmiteti propunerea de oferta pentru urmatoarea achizitie: Obiectul contractului: Servicii de elaborare a [&hellip;]\n               <div class=\"read-more\">\n\n                  <a class=\"btn-inline\" href=\"https:\/\/snn.redvectordev.com\/info\/2023\/12\/19\/servicii-de-elaborare-a-unor-rapoarte-de-analiza-pentru-piata-de-energie-electrica-in-format-electronic\/\">Read more<\/a>\n\n               <\/div>\n\n            <\/div>\n\n         <\/div>\n\n      <\/div>   \n\n   <\/article>   \n\n<\/div>\n\n\n\n  \n\n\n<div class=\"all achizitii-sectoriale despre-noi  item-columns\">\n\n   <article id=\"post-38884\" class=\"post-38884 post type-post status-publish format-standard has-post-thumbnail hentry category-achizitii-sectoriale category-despre-noi\">\n\n      <div class=\"post-block post-style-1\">\n\n         <div class=\"post-thumbnail\">\n\n            <a href=\"https:\/\/snn.redvectordev.com\/info\/2023\/12\/13\/anunt-publicitar-servicii-de-mentenanta-legislativa-asistenta-tehnica-si-consultanta-de-specialitate-modificare-si-reconfigurare-software-la-cerere-pentru-aplicatia-sal-expertul-t\/\">\n\n               \n            <\/a>   \n\n            \n               <div class=\"entry-date\">13 decembrie 2023<\/div>\n\n            \n         <\/div>   \n\n\n\n         <div class=\"entry-content\">\n\n            <div class=\"content-inner\">\n\n               <div class=\"entry-meta\">\n\n                  <div class=\"meta-inline\"><span class=\"author vcard\"><i class=\"far fa-user-circle\"><\/i>by&nbsp;cne<\/span><\/div>                  \n\n               <\/div> \n\n               <h2 class=\"entry-title\"><a href=\"https:\/\/snn.redvectordev.com\/info\/2023\/12\/13\/anunt-publicitar-servicii-de-mentenanta-legislativa-asistenta-tehnica-si-consultanta-de-specialitate-modificare-si-reconfigurare-software-la-cerere-pentru-aplicatia-sal-expertul-t\/\" rel=\"bookmark\">Anunt publicitar-Servicii de mentenan\u021ba legislativa, asistenta tehnica si consultanta de specialitate, modificare si reconfigurare software la cerere pentru aplicatia SAL \u2013 \u201cExpertul tau in Salarizare\u201d<\/a><\/h2>\n               \n               ANUN\u0162 PUBLICITAR DENUMIRE CONTRACT (max. 300): DENUMIRE CONTRACT (max. 300): Servicii de mentenan\u021b\u0103 legislativ\u0103, asisten\u021b\u0103 tehnic\u0103 \u0219i consultan\u021b\u0103 de specialitate, modificare \u015fi reconfigurare software la cerere pentru aplica\u021bia SAL \u2013 \u201cExpertul t\u0103u \u00een Salarizare\u201d aflat\u0103 \u00een exploatare la SNN Sediul central, CNE Cernavod\u0103 \u0219i FCN Pite\u0219ti DAT\u0102 LIMIT\u0102 DEPUNERE OFERT\u0102: 20.12.2023, ora 12:00 TIP ANUN\u0162: [&hellip;]\n               <div class=\"read-more\">\n\n                  <a class=\"btn-inline\" href=\"https:\/\/snn.redvectordev.com\/info\/2023\/12\/13\/anunt-publicitar-servicii-de-mentenanta-legislativa-asistenta-tehnica-si-consultanta-de-specialitate-modificare-si-reconfigurare-software-la-cerere-pentru-aplicatia-sal-expertul-t\/\">Read more<\/a>\n\n               <\/div>\n\n            <\/div>\n\n         <\/div>\n\n      <\/div>   \n\n   <\/article>   \n\n<\/div>\n\n\n\n  \n\n\n<div class=\"all achizitii-sectoriale despre-noi  item-columns\">\n\n   <article id=\"post-38832\" class=\"post-38832 post type-post status-publish format-standard has-post-thumbnail hentry category-achizitii-sectoriale category-despre-noi\">\n\n      <div class=\"post-block post-style-1\">\n\n         <div class=\"post-thumbnail\">\n\n            <a href=\"https:\/\/snn.redvectordev.com\/info\/2023\/11\/27\/anunt-organizare-licitatie-publica-cu-strigare-5\/\">\n\n               \n            <\/a>   \n\n            \n               <div class=\"entry-date\">27 noiembrie 2023<\/div>\n\n            \n         <\/div>   \n\n\n\n         <div class=\"entry-content\">\n\n            <div class=\"content-inner\">\n\n               <div class=\"entry-meta\">\n\n                  <div class=\"meta-inline\"><span class=\"author vcard\"><i class=\"far fa-user-circle\"><\/i>by&nbsp;cne<\/span><\/div>                  \n\n               <\/div> \n\n               <h2 class=\"entry-title\"><a href=\"https:\/\/snn.redvectordev.com\/info\/2023\/11\/27\/anunt-organizare-licitatie-publica-cu-strigare-5\/\" rel=\"bookmark\">ANUNT ORGANIZARE LICITATIE PUBLICA CU STRIGARE<\/a><\/h2>\n               \n               ANUNT ORGANIZARE LICITATIE PUBLICA CU STRIGARE SNN SA BUCURESTI prin Sucursala CNE Cernavoda, localitatea Cernavoda, str. Medgidiei, nr 2, jud. Constanta, Nr. Reg.Comert: J13\/3442\/2007, numar de inregistrare fiscala: 22554619, organizeaza la sediul Sucursalei CNE Cernavoda, Pavilion 0 &#8211; Licitatie publica cu strigare in data de 12.12.2023 la ora 10.00 pentru vanzarea unui \u201cBAC MIXT AUTOPROPULSAT [&hellip;]\n               <div class=\"read-more\">\n\n                  <a class=\"btn-inline\" href=\"https:\/\/snn.redvectordev.com\/info\/2023\/11\/27\/anunt-organizare-licitatie-publica-cu-strigare-5\/\">Read more<\/a>\n\n               <\/div>\n\n            <\/div>\n\n         <\/div>\n\n      <\/div>   \n\n   <\/article>   \n\n<\/div>\n\n\n\n          <\/div>\r\n      <\/div>\r\n                <div class=\"pagination\">\r\n              <div class=\"column one pager_wrapper\"><div class=\"pager\"><div class=\"paginations\"><a href=\"https:\/\/snn.redvectordev.com\/info\/wp-json\/wp\/v2\/pages\/506\/\" class=\"page-item active\">1<\/a><a href=\"https:\/\/snn.redvectordev.com\/info\/wp-json\/wp\/v2\/pages\/506\/page\/2\/\" class=\"page-item\">2<\/a><a href=\"https:\/\/snn.redvectordev.com\/info\/wp-json\/wp\/v2\/pages\/506\/page\/3\/\" class=\"page-item\">3<\/a><span class=\"page-item\">... <\/span><a href=\"https:\/\/snn.redvectordev.com\/info\/wp-json\/wp\/v2\/pages\/506\/page\/11\/\" class=\"page-item\">11<\/a><a class=\"next_page\" href=\"https:\/\/snn.redvectordev.com\/info\/wp-json\/wp\/v2\/pages\/506\/page\/2\/\"><i class=\"fas fa-chevron-right\"><\/i><\/a><\/div><\/div><\/div>\n          <\/div>\r\n        <\/div>\r\n  <\/div>\t\t<\/div>\n\t\t\t\t<\/div>\n\t\t\t\t\t<\/div>\n\t\t<\/div>\n\t\t\t\t\t<\/div>\n\t\t<\/section>\n\t\t\t\t<\/div>\n\t\t","protected":false},"excerpt":{"rendered":"<p>by&nbsp;admin1 comment The seven phases of a cyber attack by&nbsp;admin1 comment Build a powerful building materials by&nbsp;admin0 comments We design industry materials by&nbsp;admin0 comments How to build a powerful building by&nbsp;admin2 comments New commission to build on strength by&nbsp;admin0 comments Digital technology internships a win<\/p>\n","protected":false},"author":2,"featured_media":0,"parent":0,"menu_order":0,"comment_status":"closed","ping_status":"closed","template":"","meta":{"footnotes":""},"class_list":["post-506","page","type-page","status-publish","hentry","post"],"_links":{"self":[{"href":"https:\/\/snn.redvectordev.com\/info\/wp-json\/wp\/v2\/pages\/506"}],"collection":[{"href":"https:\/\/snn.redvectordev.com\/info\/wp-json\/wp\/v2\/pages"}],"about":[{"href":"https:\/\/snn.redvectordev.com\/info\/wp-json\/wp\/v2\/types\/page"}],"author":[{"embeddable":true,"href":"https:\/\/snn.redvectordev.com\/info\/wp-json\/wp\/v2\/users\/2"}],"replies":[{"embeddable":true,"href":"https:\/\/snn.redvectordev.com\/info\/wp-json\/wp\/v2\/comments?post=506"}],"version-history":[{"count":0,"href":"https:\/\/snn.redvectordev.com\/info\/wp-json\/wp\/v2\/pages\/506\/revisions"}],"wp:attachment":[{"href":"https:\/\/snn.redvectordev.com\/info\/wp-json\/wp\/v2\/media?parent=506"}],"curies":[{"name":"wp","href":"https:\/\/api.w.org\/{rel}","templated":true}]}}